{"id":18,"date":"2016-11-04T09:48:03","date_gmt":"2016-11-04T09:48:03","guid":{"rendered":"http:\/\/teszt.dnyem.hu\/?page_id=18"},"modified":"2016-11-05T16:11:07","modified_gmt":"2016-11-05T16:11:07","slug":"informaciok","status":"publish","type":"page","link":"https:\/\/szentcsalad.dnyem.hu\/index.php\/informaciok\/","title":{"rendered":"Inform\u00e1ci\u00f3k"},"content":{"rendered":"<h4 style=\"text-align: justify;\">A debreceni Szent Csal\u00e1d Templom<\/h4>\n<p style=\"text-align: justify;\">A h\u00edv\u0151 k\u00f6z\u00f6ss\u00e9g magja, a Szent Anna Pl\u00e9b\u00e1nia Szoboszl\u00f3i \u00fati (iskola) mis\u00e9z\u0151 hely\u00e9b\u0151l n\u0151tt ki. A rendszerv\u00e1lt\u00e1s ut\u00e1n (1991) ingatlan-csere folyt\u00e1n ez a mis\u00e9z\u0151hely \u00e1ttev\u0151d\u00f6tt a T\u00f3c\u00f3skertbe, Szent Csal\u00e1d K\u00e1polna n\u00e9ven. A k\u00e1polna 1996 \u0151sz\u00e9n lelk\u00e9szs\u00e9gg\u00e9 alakult. A k\u00e1polna els\u0151 kinevezett lelk\u00e9sze (Fodor Andr\u00e1s p\u00fcsp\u00f6ki helyn\u00f6k) kapta a feladatot, hogy a lak\u00f3telep sz\u00e1m\u00e1ra templomot \u00e9p\u00edtsen. Az 1996 \u0151sz\u00e9n meghirdetett p\u00e1ly\u00e1zatra n\u00e9gy terv \u00e9rkezett. K\u00f6z\u00fcl\u00fck K\u0151szeghy Attila tervei tetszettek legink\u00e1bb a h\u00edv\u0151 k\u00f6z\u00f6ss\u00e9gnek. 1997 tavasz\u00e1n megkezd\u0151d\u00f6tt a templom \u00e9p\u00edt\u00e9se. Az organikus \u00e9p\u00edt\u00e9szeti st\u00edlus feladta a leck\u00e9t a nyertes v\u00e1llalkoz\u00f3nak. V\u00e9g\u00fcl a v\u00e1llalkoz\u00f3 (Nagy Zsolt) \u00e9desapja, Nagy J\u00f3zsef fejezte be a munk\u00e1t 1998. augusztus 15.-re. Nagyboldogasszony \u00fcnnep\u00e9n, Bos\u00e1k N\u00e1ndor megy\u00e9sp\u00fcsp\u00f6k felszentelte a Szent Csal\u00e1d tisztelet\u00e9re \u00e9p\u00edtett templomot \u00e9s megalap\u00edtotta a Szent Csal\u00e1d Pl\u00e9b\u00e1ni\u00e1t.<br \/>\nA templom reggel 6 \u00f3r\u00e1t\u00f3l este 7 \u00f3r\u00e1ig folyamatosan nyitva van.<br \/>\nA templomkertben, a lak\u00f3telepi csal\u00e1dok nagy \u00f6r\u00f6m\u00e9re, egy kis j\u00e1tsz\u00f3t\u00e9r is k\u00e9sz\u00fclt.<\/p>\n","protected":false},"excerpt":{"rendered":"<p>A debreceni Szent Csal\u00e1d Templom A h\u00edv\u0151 k\u00f6z\u00f6ss\u00e9g magja, a Szent Anna Pl\u00e9b\u00e1nia Szoboszl\u00f3i \u00fati (iskola) mis\u00e9z\u0151 hely\u00e9b\u0151l n\u0151tt ki. A rendszerv\u00e1lt\u00e1s ut\u00e1n (1991) ingatlan-csere folyt\u00e1n ez a mis\u00e9z\u0151hely \u00e1ttev\u0151d\u00f6tt&#8230; <a href=\"https:\/\/szentcsalad.dnyem.hu\/index.php\/informaciok\/\">Tov\u00e1bb &raquo;<\/a><\/p>\n","protected":false},"author":1,"featured_media":0,"parent":0,"menu_order":0,"comment_status":"closed","ping_status":"closed","template":"","meta":{"ngg_post_thumbnail":0,"footnotes":""},"class_list":["post-18","page","type-page","status-publish","hentry"],"jetpack_shortlink":"https:\/\/wp.me\/P9drAw-i","jetpack_sharing_enabled":true,"_links":{"self":[{"href":"https:\/\/szentcsalad.dnyem.hu\/index.php\/wp-json\/wp\/v2\/pages\/18","targetHints":{"allow":["GET"]}}],"collection":[{"href":"https:\/\/szentcsalad.dnyem.hu\/index.php\/wp-json\/wp\/v2\/pages"}],"about":[{"href":"https:\/\/szentcsalad.dnyem.hu\/index.php\/wp-json\/wp\/v2\/types\/page"}],"author":[{"embeddable":true,"href":"https:\/\/szentcsalad.dnyem.hu\/index.php\/wp-json\/wp\/v2\/users\/1"}],"replies":[{"embeddable":true,"href":"https:\/\/szentcsalad.dnyem.hu\/index.php\/wp-json\/wp\/v2\/comments?post=18"}],"version-history":[{"count":2,"href":"https:\/\/szentcsalad.dnyem.hu\/index.php\/wp-json\/wp\/v2\/pages\/18\/revisions"}],"predecessor-version":[{"id":78,"href":"https:\/\/szentcsalad.dnyem.hu\/index.php\/wp-json\/wp\/v2\/pages\/18\/revisions\/78"}],"wp:attachment":[{"href":"https:\/\/szentcsalad.dnyem.hu\/index.php\/wp-json\/wp\/v2\/media?parent=18"}],"curies":[{"name":"wp","href":"https:\/\/api.w.org\/{rel}","templated":true}]}}