{"id":3250,"date":"2018-01-15T09:02:59","date_gmt":"2018-01-15T09:02:59","guid":{"rendered":"http:\/\/szentcsalad.dnyem.hu\/?page_id=3250"},"modified":"2018-01-15T09:02:59","modified_gmt":"2018-01-15T09:02:59","slug":"plebaniahoz-tartozo-varosresz","status":"publish","type":"page","link":"https:\/\/szentcsalad.dnyem.hu\/index.php\/informaciok\/plebaniahoz-tartozo-varosresz\/","title":{"rendered":"Pl\u00e9b\u00e1ni\u00e1hoz tartoz\u00f3 v\u00e1rosr\u00e9sz"},"content":{"rendered":"<p>A debreceni Szent Csal\u00e1d pl\u00e9b\u00e1nia nyugati hat\u00e1ra Nagyhegyes keleti sz\u00e9le. A szomsz\u00e9dos pl\u00e9b\u00e1ni\u00e1k: Balmaz\u00fajv\u00e1ros \u00e9s Hajd\u00faszoboszl\u00f3. Ezen a r\u00e9szen az \u00e9szaki hat\u00e1rvonal a Balmaz\u00fajv\u00e1rosi \u00fat, a d\u00e9li pedig a 4 sz\u00e1m\u00fa f\u0151\u00fat. Ond\u00f3d ter\u00fcletileg, Ebes pedig filiak\u00e9nt tartozik hozz\u00e1nk. A v\u00e1ros m\u00e1sik oldal\u00e1n Hajd\u00fas\u00e1mson is a Szent Csal\u00e1d pl\u00e9b\u00e1nia fili\u00e1ja. Azok a katolikusok akik ezen a ter\u00fcleten laknak, hivatalosan a Szent Csal\u00e1d pl\u00e9b\u00e1ni\u00e1hoz tartoznak. Keresztel\u00e9s, esket\u00e9s&nbsp; \u00e9s temet\u00e9s \u00fcgyeiket n\u00e1lunk int\u00e9zhetik.<\/p>\n<p>[wpgmza id=&#8221;1&#8243;]<\/p>\n","protected":false},"excerpt":{"rendered":"<p>A debreceni Szent Csal\u00e1d pl\u00e9b\u00e1nia nyugati hat\u00e1ra Nagyhegyes keleti sz\u00e9le. A szomsz\u00e9dos pl\u00e9b\u00e1ni\u00e1k: Balmaz\u00fajv\u00e1ros \u00e9s Hajd\u00faszoboszl\u00f3. Ezen a r\u00e9szen az \u00e9szaki hat\u00e1rvonal a Balmaz\u00fajv\u00e1rosi \u00fat, a d\u00e9li pedig a 4&#8230; <a href=\"https:\/\/szentcsalad.dnyem.hu\/index.php\/informaciok\/plebaniahoz-tartozo-varosresz\/\">Tov\u00e1bb &raquo;<\/a><\/p>\n","protected":false},"author":1,"featured_media":0,"parent":18,"menu_order":0,"comment_status":"closed","ping_status":"closed","template":"","meta":{"ngg_post_thumbnail":0,"footnotes":""},"class_list":["post-3250","page","type-page","status-publish","hentry"],"jetpack_shortlink":"https:\/\/wp.me\/P9drAw-Qq","jetpack_sharing_enabled":true,"_links":{"self":[{"href":"https:\/\/szentcsalad.dnyem.hu\/index.php\/wp-json\/wp\/v2\/pages\/3250","targetHints":{"allow":["GET"]}}],"collection":[{"href":"https:\/\/szentcsalad.dnyem.hu\/index.php\/wp-json\/wp\/v2\/pages"}],"about":[{"href":"https:\/\/szentcsalad.dnyem.hu\/index.php\/wp-json\/wp\/v2\/types\/page"}],"author":[{"embeddable":true,"href":"https:\/\/szentcsalad.dnyem.hu\/index.php\/wp-json\/wp\/v2\/users\/1"}],"replies":[{"embeddable":true,"href":"https:\/\/szentcsalad.dnyem.hu\/index.php\/wp-json\/wp\/v2\/comments?post=3250"}],"version-history":[{"count":1,"href":"https:\/\/szentcsalad.dnyem.hu\/index.php\/wp-json\/wp\/v2\/pages\/3250\/revisions"}],"predecessor-version":[{"id":3251,"href":"https:\/\/szentcsalad.dnyem.hu\/index.php\/wp-json\/wp\/v2\/pages\/3250\/revisions\/3251"}],"up":[{"embeddable":true,"href":"https:\/\/szentcsalad.dnyem.hu\/index.php\/wp-json\/wp\/v2\/pages\/18"}],"wp:attachment":[{"href":"https:\/\/szentcsalad.dnyem.hu\/index.php\/wp-json\/wp\/v2\/media?parent=3250"}],"curies":[{"name":"wp","href":"https:\/\/api.w.org\/{rel}","templated":true}]}}