{"id":3836,"date":"2018-04-12T12:12:19","date_gmt":"2018-04-12T12:12:19","guid":{"rendered":"http:\/\/szentcsalad.dnyem.hu\/?page_id=3836"},"modified":"2018-04-12T12:12:19","modified_gmt":"2018-04-12T12:12:19","slug":"palyazatot-nyertunk","status":"publish","type":"page","link":"https:\/\/szentcsalad.dnyem.hu\/index.php\/palyazatot-nyertunk\/","title":{"rendered":"P\u00e1ly\u00e1zatot nyert\u00fcnk"},"content":{"rendered":"<p style=\"text-align: justify;\">\u00c9VES BESZ\u00c1MOL\u00d3 2017<\/p>\n<p style=\"text-align: justify;\">&nbsp;&nbsp;&nbsp;&nbsp;&nbsp;&nbsp;&nbsp;&nbsp;&nbsp;&nbsp;&nbsp;&nbsp;&nbsp;&nbsp;&nbsp;&nbsp;&nbsp;&nbsp;&nbsp;&nbsp;&nbsp;&nbsp;&nbsp;&nbsp;&nbsp;&nbsp;&nbsp;&nbsp;&nbsp;&nbsp;&nbsp;&nbsp;&nbsp;&nbsp;&nbsp;&nbsp; Keresztel\u0151 Szent J\u00e1nos Karit\u00e1sz Hajd\u00fas\u00e1mson<\/p>\n<p style=\"text-align: justify;\">&nbsp;<\/p>\n<p style=\"text-align: justify;\">Az emberi sz\u00edv olyan, mint a k\u00e1lyha. H\u0151t termel\u00fcnk, energi\u00e1t sz\u00f3runk sz\u00e9t.<\/p>\n<p style=\"text-align: justify;\">Nincs az a probl\u00e9ma, amelyen szeretettel ne lehetne t\u00fall\u00e9pni. A szeretetet nem lehet megfogni.<\/p>\n<p style=\"text-align: justify;\">Hi\u00e1ba l\u00e1tod \u00e9s akarn\u00e1d magadn\u00e1l tartani, meg kell osztani a vil\u00e1ggal.<\/p>\n<p style=\"text-align: justify;\">Aki mer, tud, aki pr\u00f3b\u00e1l, tesz, aki szeret, \u00e9l.<\/p>\n<p style=\"text-align: justify;\">&nbsp;<\/p>\n<p style=\"text-align: justify;\">&nbsp;Janu\u00e1rban\u201dEgy\u00fctt a bab\u00e1k\u00e9rt\u201d programban a dm \u00e9s a Katolikus Karit\u00e1sz egy\u00fcttm\u0171k\u00f6d\u00e9s\u00e9vel egy csal\u00e1dnak az \u00e9ves pelenka sz\u00fcks\u00e9gletet l\u00e1ttuk el.<\/p>\n<p style=\"text-align: justify;\">M\u00e1rciusban 10 r\u00e1szorul\u00f3 csal\u00e1d r\u00e9sz\u00e9re f\u00e9rficip\u0151t biztos\u00edtottunk!<\/p>\n<p style=\"text-align: justify;\">-A neh\u00e9z helyzetben \u00e9l\u0151 csal\u00e1dok r\u00e9sz\u00e9re ruh\u00e1kat, takar\u00f3kat, \u00e1gynem\u00fcket vitt\u00fcnk \u00f6nk\u00e9ntes Karit\u00e1sz munkat\u00e1rsaimmal 100 kg ruh\u00e1t osztottunk sz\u00e9t 33 csal\u00e1d r\u00e9sz\u00e9re.<\/p>\n<p style=\"text-align: justify;\">-5 beteg \u00e9s id\u0151 embernek B\u00e9res cseppel tudtunk seg\u00edteni!<\/p>\n<p style=\"text-align: justify;\">.-K\u00e1lyha seg\u00e9lyprogram keret\u00e9ben egy csal\u00e1dnak k\u00e1lyh\u00e1t adtunk, hogy \u00e1tv\u00e9szelje a t\u00e9li hideget.<\/p>\n<p style=\"text-align: justify;\">-A Katolikus Karit\u00e1sz \u201e\u00d6ngondoskod\u00f3 H\u00e1ztart\u00e1sok\u201d nevet visel\u0151 programban 15 f\u00e9le z\u00f6lds\u00e9gmagot tartalmaz\u00f3 vet\u0151magot osztottunk 5 r\u00e1szorul\u00f3 csal\u00e1doknak.<\/p>\n<p style=\"text-align: justify;\">A program c\u00e9lja, hogy a kerttel rendelkez\u0151 csal\u00e1dokat seg\u00edts\u00fck az \u00f6ngondoskod\u00e1sban.<\/p>\n<p style=\"text-align: justify;\">M\u00e1rciusban \u201eSzakmai napon\u201d vett\u00fcnk r\u00e9szt Debrecenben.<\/p>\n<p style=\"text-align: justify;\">-A h\u00fasv\u00e9t el\u0151tt megszervezett orsz\u00e1gos tart\u00f3s\u00e9lelmiszer gy\u0171jt\u00e9s sor\u00e1n 75 kg \u00e9lelmiszert osztottunk sz\u00e9t 19 csal\u00e1d r\u00e9sz\u00e9re m\u00e9g az \u00fcnnepek el\u0151tt.<\/p>\n<p style=\"text-align: justify;\">A templomban \u00e9rkez\u0151 adom\u00e1nyokat a Karit\u00e1sz \u00f6nk\u00e9ntesei v\u00e1llalt\u00e1k \u00e9s osztott\u00e1k sz\u00e9t a pl\u00e9b\u00e1nia ter\u00fclet\u00e9n neh\u00e9z helyzetben \u00e9l\u0151knek.<\/p>\n<p style=\"text-align: justify;\">M\u00e1jusban 90 kg ruh\u00e1t, 25 csal\u00e1dnak&nbsp; adom\u00e1nyoztunk .<\/p>\n<p style=\"text-align: justify;\">M\u00e1jusban\u201d Karit\u00e1sz vezet\u0151k\u00e9pz\u00e9sen\u201d voltunk Ny\u00edregyh\u00e1z\u00e1n.<\/p>\n<p style=\"text-align: justify;\">J\u00faniusban\u201d Megesett rajtuk a sz\u00edve\u201d v\u00e1ndorki\u00e1ll\u00edt\u00e1son vett\u00fcnk r\u00e9szt Tuzs\u00e9ron.<\/p>\n<p style=\"text-align: justify;\">J\u00faniusban, Szabolcs k\u00f6zs\u00e9gben \u201eSzent L\u00e1szl\u00f3 kir\u00e1lyunk\u201d eml\u00e9k\u00e9v\u00e9n voltunk.<\/p>\n<p style=\"text-align: justify;\">J\u00faliusban\u201d Fony\u00f3d ligeten \u201eny\u00e1ri t\u00e1borban vehet\u00fcnk r\u00e9szt egy h\u00e9ten \u00e1t a 30 r\u00e1szorul\u00f3 gyerekekkel.<\/p>\n<p style=\"text-align: justify;\">Felejthetetlen \u00e9lm\u00e9nyekkel t\u00e9rtek haza a gyerekek \u00e9s j\u00f3 magam is.<\/p>\n<p style=\"text-align: justify;\">Az utaz\u00e1si k\u00f6lts\u00e9get a Debrecen-Ny\u00edregyh\u00e1zi Egyh\u00e1zmegyei Karit\u00e1sz biztos\u00edtotta k\u00f6sz\u00f6net \u00e9rte.<\/p>\n<p style=\"text-align: justify;\">Augusztusban Domasz\u00e9ken egy nagyon felk\u00e9sz\u00fclt csapat v\u00e1rt benn\u00fcnket.<\/p>\n<p style=\"text-align: justify;\">&nbsp;Karit\u00e1sz \u00d6nk\u00e9ntes K\u00e9pz\u00e9si T\u00e1borban\u201d ahol gazdag\u00edthattam az ismereteimet egy h\u00e9ten \u00e1t.<\/p>\n<p style=\"text-align: justify;\">Az orsz\u00e1g minden ter\u00fclet\u00e9r\u0151l \u00e9rkeztek \u00f6nk\u00e9ntesek. K\u00f6sz\u00f6net az el\u0151ad\u00f3knak, akik f\u00e1rads\u00e1got nem k\u00edm\u00e9lve sok, sok, \u00e9ves tapasztalatukat adt\u00e1k \u00e1t.<\/p>\n<p style=\"text-align: justify;\">Megtan\u00edtottak olya dolgokra, amiket eddig nem tudtunk munk\u00e1nk sor\u00e1n. Amik fontosak a Karit\u00e1sz \u00e9let\u00e9ben.<\/p>\n<p style=\"text-align: justify;\">J\u00f3 volt ott lenni ebben a k\u00f6z\u00f6s\u00e9gben! .<\/p>\n<p style=\"text-align: justify;\">Kedves bar\u00e1tokra tehettem szert!<\/p>\n<p style=\"text-align: justify;\">K\u00f6sz\u00f6net \u00e9s h\u00e1l\u00e1s sz\u00edvvel, szeretettel gondolok r\u00e1juk!<\/p>\n<p style=\"text-align: justify;\">Szeptemberben iskolakezd\u00e9sre ingyenes ruhaoszt\u00e1st tartottunk a Pl\u00e9b\u00e1nia ter\u00fclet\u00e9n 100 kg ruhanem\u0171t osztottunk sz\u00e9t 35 csal\u00e1dnak.<\/p>\n<p style=\"text-align: justify;\">-Szeptemberben iskolakezd\u00e9sre 4 csal\u00e1d Erzs\u00e9bet utalv\u00e1ny kapott 5000 ft \u00e9rt\u00e9kben.<\/p>\n<p style=\"text-align: justify;\">&nbsp;180kg burgony\u00e1t 9 r\u00e1szorul\u00f3 csal\u00e1d kapott.<\/p>\n<p style=\"text-align: justify;\">Okt\u00f3berben \u201eKarit\u00e1sz Junior\u201d a Karit\u00e1sz \u00e9let a pl\u00e9b\u00e1ni\u00e1n el\u0151ad\u00e1s\u00e1n voltunk Ajakon.<\/p>\n<p style=\"text-align: justify;\">Az el\u0151ad\u00e1st, \u00c1rvai Ferenc atya Egri F\u0151egyh\u00e1zmegyei Karit\u00e1sz Igazgat\u00f3 tartotta.<\/p>\n<p style=\"text-align: justify;\">K\u00f6sz\u00f6net a kedves \u00e9s humoros j\u00f3 el\u0151ad\u00f3k\u00e9szs\u00e9g\u00e9\u00e9rt!<\/p>\n<p style=\"text-align: justify;\">Okt\u00f3berben p\u00e1ly\u00e1zatot ny\u00fajtottunk be az \u201e\u00c9n Erzs\u00e9bet t\u00e1borom\u201d c\u00edmmel.<\/p>\n<p style=\"text-align: justify;\">A p\u00e1ly\u00e1zat I.d\u00edjban r\u00e9szes\u00fclt 600 p\u00e1lyamunk\u00e1b\u00f3l. A d\u00edj \u00e1tad\u00e1sa decemberben volt Budapesten az Erkel Sz\u00ednh\u00e1zban, ahol Balogh Zolt\u00e1n az Emberi Er\u0151forr\u00e1sok Minisztere adta \u00e1t a kit\u00fcntet\u00e9st.<\/p>\n<p style=\"text-align: justify;\">\u00cdgy 2018 nyar\u00e1n ism\u00e9t mehet\u00fcnk Erzs\u00e9bet t\u00e1borba a r\u00e1szorul\u00f3 gyerekekkel.<\/p>\n<p style=\"text-align: justify;\">A szeg\u00e9nyek v\u00e9d\u0151szentje \u00fcnnep\u00e9n \u201eSzent Erzs\u00e9bet\u201d napon 50 db megszentelt kenyeret osztottunk.<\/p>\n<p style=\"text-align: justify;\">Az egymilli\u00f3 csillag a szeg\u00e9nyek\u00e9rt nemzetk\u00f6zi szolidarit\u00e1si akci\u00f3, keret\u00e9ben: december 232 kg tart\u00f3s \u00e9lelmiszert gy\u0171jt\u00f6tt\u00fcnk.<\/p>\n<p style=\"text-align: justify;\">&nbsp;58 csal\u00e1d r\u00e9sz\u00e9re tudtuk szebb\u00e9 tenni a kar\u00e1csonyt.<\/p>\n<p style=\"text-align: justify;\">Egy kis l\u00e1ny oda j\u00f6tt hozz\u00e1nk \u00e9s meggy\u00fajtotta az \u0151 kis gyerty\u00e1j\u00e1t.<\/p>\n<p style=\"text-align: justify;\">A szem\u00e9ben l\u00e1ttam, hogy csillog a szeretet a tisztelet a kedvess\u00e9g az egyszer\u0171s\u00e9g a j\u00f3s\u00e1g<\/p>\n<p style=\"text-align: justify;\">&nbsp; \u00e9s a szel\u00edds\u00e9g.<\/p>\n<p style=\"text-align: justify;\">K\u00f6sz\u00f6net a D\u00f3zsa diszkont, C.B.A. Bolt vezet\u0151j\u00e9nek, Kerekes Zolt\u00e1nnak, aki helyet biztos\u00edtott az \u00e9lelmiszergy\u0171jt\u00e9sre.&nbsp; K\u00f6sz\u00f6net az adakoz\u00f3knak, akik hozz\u00e1j\u00e1rultak az adom\u00e1nyokhoz.<\/p>\n<p style=\"text-align: justify;\">K\u00f6sz\u00f6net a karit\u00e1sz munkat\u00e1rsaimnak, akik f\u00e1rads\u00e1got nem k\u00edm\u00e9lve sz\u00edvvel l\u00e9lekkel v\u00e9gig dolgoztak!<\/p>\n<p style=\"text-align: justify;\">Decemberben 4 zs\u00e1k burgony\u00e1t,4 zsugor meggybef\u0151tt, 2 karton tejport,2 zs\u00e1k hagym\u00e1t, 2 v\u00f6d\u00f6r<\/p>\n<p style=\"text-align: justify;\">&nbsp;&nbsp; majon\u00e9zt &nbsp;\u00f6sszesen 21 r\u00e1szorul\u00f3 csal\u00e1dnak tudtunk adni.<\/p>\n<p style=\"text-align: justify;\">K\u00f6sz\u00f6net Antal Szabolcs polg\u00e1rmester \u00farnak, hogy aut\u00f3t biztos\u00edtott a Karit\u00e1sz sz\u00e1m\u00e1ra, \u00e9s \u00edgy el tudtuk hozni az adom\u00e1nyokat Ny\u00edregyh\u00e1z\u00e1r\u00f3l.<\/p>\n<p style=\"text-align: justify;\">K\u00f6sz\u00f6net: Siposn\u00e9 Juci mam\u00e1nak, B\u00edr\u00f3n\u00e9 Iboly\u00e1nak, Bujdos\u00f3n\u00e9 Ic\u00e1nak, R\u00e1s\u00e1n\u00e9 Ir\u00e9nk\u00e9nek, V\u00e1mosn\u00e9 \u00c9vik\u00e9nek, Vasn\u00e9 Marik\u00e1nak, akik munka ut\u00e1n is v\u00e1llalt\u00e1k e nemes feladatot.<\/p>\n<p style=\"text-align: justify;\">K\u00f6sz\u00f6net a csal\u00e1dunknak, gyerekeinknek, unok\u00e1inknak, akik t\u00fcrelemmel voltak, ir\u00e1ntunk amikor nem voltunk otthol.<\/p>\n<p style=\"text-align: justify;\">K\u00f6sz\u00f6net Fodor Andr\u00e1s aty\u00e1nak, aki mindenben seg\u00edtett nek\u00fcnk.<\/p>\n<p style=\"text-align: justify;\">K\u00f6sz\u00f6net: M\u00e9sz\u00e1ros L\u00e1szl\u00f3 igazgat\u00f3 \u00farnak a sok- sok adom\u00e1ny\u00e9rt \u00e9s Gertr\u00fadnak a pontos prec\u00edz irodai munk\u00e1\u00e9rt.<\/p>\n<p style=\"text-align: justify;\">K\u00f6sz\u00f6net \u00c1rp\u00e1dh\u00e1zi Szent Erzs\u00e9betnek a szeg\u00e9nyek megseg\u00edt\u0151j\u00e9nek, aki k\u00f6zben j\u00e1r \u00e9rt\u00fcnk.<\/p>\n<p style=\"text-align: justify;\">\u00c9s a MINDENHAT\u00d3NAK, aki az \u00e9let\u00e9t adta \u00e9rt\u00fcnk.<\/p>\n<p style=\"text-align: justify;\">A szeretet nem kopik a haszn\u00e1latt\u00f3l, hanem n\u00f6vekszik.<\/p>\n<p style=\"text-align: justify;\">A szeretet fegyver.<\/p>\n<p style=\"text-align: justify;\">Mindig is az volt.<\/p>\n<p style=\"text-align: justify;\">Csak h\u00e1t kevesen tudj\u00e1k, hogyan kell forgatni.<\/p>\n<p style=\"text-align: justify;\">&nbsp;<\/p>\n<p style=\"text-align: justify;\">Hajd\u00fas\u00e1mson.2018.febru\u00e1r 14.&nbsp;&nbsp;&nbsp;&nbsp;&nbsp;&nbsp;&nbsp;&nbsp;&nbsp;&nbsp;&nbsp;&nbsp;&nbsp;&nbsp;&nbsp;&nbsp;&nbsp;<\/p>\n<p style=\"text-align: justify;\">&nbsp;&nbsp;&nbsp;&nbsp;&nbsp;&nbsp;&nbsp;&nbsp;&nbsp;&nbsp;&nbsp;&nbsp;&nbsp;&nbsp;&nbsp;&nbsp;&nbsp;&nbsp;&nbsp;&nbsp;&nbsp;&nbsp;&nbsp;&nbsp;&nbsp;&nbsp;&nbsp;&nbsp;&nbsp;&nbsp;&nbsp;<\/p>\n<p style=\"text-align: justify;\">Rektor J\u00f3zsefn\u00e9<\/p>\n<p style=\"text-align: justify;\">Keresztel\u0151 Szent J\u00e1nos Karit\u00e1sz<\/p>\n<p><img loading=\"lazy\" decoding=\"async\" class=\"alignleft size-large wp-image-3837\" src=\"http:\/\/szentcsalad.dnyem.hu\/wp-content\/uploads\/2018\/04\/Erzs\u00e9bet-t\u00e1bor-2017-2.-614x1024.jpg\" alt=\"\" width=\"614\" height=\"1024\" srcset=\"https:\/\/szentcsalad.dnyem.hu\/wp-content\/uploads\/2018\/04\/Erzs\u00e9bet-t\u00e1bor-2017-2.-614x1024.jpg 614w, https:\/\/szentcsalad.dnyem.hu\/wp-content\/uploads\/2018\/04\/Erzs\u00e9bet-t\u00e1bor-2017-2.-180x300.jpg 180w, https:\/\/szentcsalad.dnyem.hu\/wp-content\/uploads\/2018\/04\/Erzs\u00e9bet-t\u00e1bor-2017-2.-768x1280.jpg 768w, https:\/\/szentcsalad.dnyem.hu\/wp-content\/uploads\/2018\/04\/Erzs\u00e9bet-t\u00e1bor-2017-2.-624x1040.jpg 624w, https:\/\/szentcsalad.dnyem.hu\/wp-content\/uploads\/2018\/04\/Erzs\u00e9bet-t\u00e1bor-2017-2..jpg 1536w\" sizes=\"auto, (max-width: 614px) 100vw, 614px\" \/> <img loading=\"lazy\" decoding=\"async\" class=\"aligncenter wp-image-3838 size-large\" src=\"http:\/\/szentcsalad.dnyem.hu\/wp-content\/uploads\/2018\/04\/Erzs\u00e9bet-t\u00e1bor-2017-614x1024.jpg\" alt=\"\" width=\"614\" height=\"1024\" srcset=\"https:\/\/szentcsalad.dnyem.hu\/wp-content\/uploads\/2018\/04\/Erzs\u00e9bet-t\u00e1bor-2017-614x1024.jpg 614w, https:\/\/szentcsalad.dnyem.hu\/wp-content\/uploads\/2018\/04\/Erzs\u00e9bet-t\u00e1bor-2017-180x300.jpg 180w, https:\/\/szentcsalad.dnyem.hu\/wp-content\/uploads\/2018\/04\/Erzs\u00e9bet-t\u00e1bor-2017-768x1280.jpg 768w, https:\/\/szentcsalad.dnyem.hu\/wp-content\/uploads\/2018\/04\/Erzs\u00e9bet-t\u00e1bor-2017-624x1040.jpg 624w, https:\/\/szentcsalad.dnyem.hu\/wp-content\/uploads\/2018\/04\/Erzs\u00e9bet-t\u00e1bor-2017.jpg 1536w\" sizes=\"auto, (max-width: 614px) 100vw, 614px\" \/><\/p>\n","protected":false},"excerpt":{"rendered":"<p>\u00c9VES BESZ\u00c1MOL\u00d3 2017 &nbsp;&nbsp;&nbsp;&nbsp;&nbsp;&nbsp;&nbsp;&nbsp;&nbsp;&nbsp;&nbsp;&nbsp;&nbsp;&nbsp;&nbsp;&nbsp;&nbsp;&nbsp;&nbsp;&nbsp;&nbsp;&nbsp;&nbsp;&nbsp;&nbsp;&nbsp;&nbsp;&nbsp;&nbsp;&nbsp;&nbsp;&nbsp;&nbsp;&nbsp;&nbsp;&nbsp; Keresztel\u0151 Szent J\u00e1nos Karit\u00e1sz Hajd\u00fas\u00e1mson &nbsp; Az emberi sz\u00edv olyan, mint a k\u00e1lyha. H\u0151t termel\u00fcnk, energi\u00e1t sz\u00f3runk sz\u00e9t. Nincs az a probl\u00e9ma, amelyen szeretettel ne lehetne&#8230; <a href=\"https:\/\/szentcsalad.dnyem.hu\/index.php\/palyazatot-nyertunk\/\">Tov\u00e1bb &raquo;<\/a><\/p>\n","protected":false},"author":1,"featured_media":0,"parent":0,"menu_order":0,"comment_status":"closed","ping_status":"closed","template":"","meta":{"ngg_post_thumbnail":0,"footnotes":""},"class_list":["post-3836","page","type-page","status-publish","hentry"],"jetpack_shortlink":"https:\/\/wp.me\/P9drAw-ZS","jetpack_sharing_enabled":true,"_links":{"self":[{"href":"https:\/\/szentcsalad.dnyem.hu\/index.php\/wp-json\/wp\/v2\/pages\/3836","targetHints":{"allow":["GET"]}}],"collection":[{"href":"https:\/\/szentcsalad.dnyem.hu\/index.php\/wp-json\/wp\/v2\/pages"}],"about":[{"href":"https:\/\/szentcsalad.dnyem.hu\/index.php\/wp-json\/wp\/v2\/types\/page"}],"author":[{"embeddable":true,"href":"https:\/\/szentcsalad.dnyem.hu\/index.php\/wp-json\/wp\/v2\/users\/1"}],"replies":[{"embeddable":true,"href":"https:\/\/szentcsalad.dnyem.hu\/index.php\/wp-json\/wp\/v2\/comments?post=3836"}],"version-history":[{"count":1,"href":"https:\/\/szentcsalad.dnyem.hu\/index.php\/wp-json\/wp\/v2\/pages\/3836\/revisions"}],"predecessor-version":[{"id":3839,"href":"https:\/\/szentcsalad.dnyem.hu\/index.php\/wp-json\/wp\/v2\/pages\/3836\/revisions\/3839"}],"wp:attachment":[{"href":"https:\/\/szentcsalad.dnyem.hu\/index.php\/wp-json\/wp\/v2\/media?parent=3836"}],"curies":[{"name":"wp","href":"https:\/\/api.w.org\/{rel}","templated":true}]}}