{"id":4021,"date":"2019-03-08T08:52:30","date_gmt":"2019-03-08T08:52:30","guid":{"rendered":"http:\/\/szentcsalad.dnyem.hu\/?page_id=4021"},"modified":"2019-03-08T09:06:47","modified_gmt":"2019-03-08T09:06:47","slug":"tajekoztato-az-11-adofelajanlasrol","status":"publish","type":"page","link":"https:\/\/szentcsalad.dnyem.hu\/index.php\/informaciok\/tajekoztato-az-11-adofelajanlasrol\/","title":{"rendered":"T\u00e1j\u00e9koztat\u00f3 az 1+1 % ad\u00f3felaj\u00e1nl\u00e1sr\u00f3l"},"content":{"rendered":"<p style=\"text-align: justify;\">Ha szem\u00e9lyi j\u00f6vedelemad\u00f3ja 1%-\u00e1t ugyanannak az egyh\u00e1znak, vagy technikai k\u00f3ddal rendelkez\u0151 szervezetnek k\u00edv\u00e1nja felaj\u00e1nlani, mint az elm\u00falt \u00e9vben, akkor \u00d6nnek most a technikai k\u00f3dos rendelkez\u00e9st nem kell kit\u00f6ltenie, rendelkez\u00e9se mindaddig \u00e9rv\u00e9nyben van, am\u00edg meg nem v\u00e1ltoztatja.<\/p>\n<p style=\"text-align: justify;\">A m\u00e1sik 1% felaj\u00e1nl\u00e1s\u00e1r\u00f3l (pl. alap\u00edtv\u00e1nynak) minden \u00e9vben \u00fajra rendelkeznie kell. Ezt, \u00e9s ha az el\u0151z\u0151n is v\u00e1ltoztatni akar, akkor a k\u00f6vetkez\u0151k\u00e9ppen teheti meg:<\/p>\n<p style=\"text-align: justify;\">A szem\u00e9lyi j\u00f6vedelemad\u00f3 1+1%-\u00e1r\u00f3l a 18EGYSZA nev\u0171 nyomtatv\u00e1ny kit\u00f6lt\u00e9s\u00e9vel, illetve az eszja.nav.gov.hu oldalon rendelkezhet.<\/p>\n<p style=\"text-align: justify;\">Amennyiben kapott az ad\u00f3hat\u00f3s\u00e1gt\u00f3l levelet, amelyben felaj\u00e1nlj\u00e1k az ad\u00f3bevall\u00e1s elk\u00e9sz\u00edt\u00e9s\u00e9t, ennek mell\u00e9kletek\u00e9nt megkapta az EGYSZA nyomtatv\u00e1nyt is. Ezt kell kit\u00f6ltenie \u00e9s az ad\u00f3hat\u00f3s\u00e1ghoz eljuttatnia legk\u00e9s\u0151bb m\u00e1jus 20-ig.<\/p>\n<p style=\"text-align: justify;\">\u00dcgyf\u00e9lkapuval nem rendelkez\u0151 szem\u00e9lyeknek is lehet\u0151s\u00e9ge van az online fel\u00fcleten val\u00f3 rendelkez\u00e9shez. Ebben az esetben az eszja.nav.gov.hu oldalon v\u00e1lassza a regisztr\u00e1ci\u00f3 n\u00e9lk\u00fcli online fel\u00fclet lehet\u0151s\u00e9get.<\/p>\n<p style=\"text-align: justify;\">K\u00e9rj\u00fck, abban az esetben is tegye meg felaj\u00e1nl\u00e1s\u00e1t az \u00d6n \u00e1ltal v\u00e1lasztott egyh\u00e1znak, ha szem\u00e9lyi j\u00f6vedelemad\u00f3ja bizonyos kedvezm\u00e9nyek miatt nulla forint (pl. csal\u00e1di ad\u00f3kedvezm\u00e9ny).<br \/>\nAz \u00e1llam ugyanis a felaj\u00e1nl\u00f3k sz\u00e1m\u00e1n\u00e1l ezeket a rendelkez\u00e9seket is figyelembe veszi. Az egyh\u00e1zaknak biztos\u00edtott kieg\u00e9sz\u00edt\u0151 t\u00e1mogat\u00e1s feloszt\u00e1sa ugyanis a rendelkez\u0151k sz\u00e1ma alapj\u00e1n t\u00f6rt\u00e9nik, amelybe a nulla forintr\u00f3l sz\u00f3l\u00f3 felaj\u00e1nl\u00e1s is belesz\u00e1m\u00edt.<\/p>\n<p style=\"text-align: justify;\">&nbsp;<\/p>\n<p style=\"text-align: justify;\"><img loading=\"lazy\" decoding=\"async\" class=\"aligncenter wp-image-4026 size-full\" src=\"http:\/\/szentcsalad.dnyem.hu\/wp-content\/uploads\/2019\/03\/0011.jpg\" alt=\"\" width=\"835\" height=\"528\" srcset=\"https:\/\/szentcsalad.dnyem.hu\/wp-content\/uploads\/2019\/03\/0011.jpg 835w, https:\/\/szentcsalad.dnyem.hu\/wp-content\/uploads\/2019\/03\/0011-300x190.jpg 300w, https:\/\/szentcsalad.dnyem.hu\/wp-content\/uploads\/2019\/03\/0011-768x486.jpg 768w, https:\/\/szentcsalad.dnyem.hu\/wp-content\/uploads\/2019\/03\/0011-624x395.jpg 624w\" sizes=\"auto, (max-width: 835px) 100vw, 835px\" \/><\/p>\n<p style=\"text-align: justify;\">Ha a Magyar Katolikus Egyh\u00e1zat k\u00edv\u00e1nja t\u00e1mogatni, akkor az egyh\u00e1zaknak adhat\u00f3 1% -r\u00f3l sz\u00f3l\u00f3 rendelkez\u00e9s\u00e9re a 0011 technikai k\u00f3dot \u00edrja.<\/p>\n<p style=\"text-align: justify;\">&nbsp;<\/p>\n<p style=\"text-align: justify;\"><img loading=\"lazy\" decoding=\"async\" class=\"aligncenter wp-image-4025 size-large\" src=\"http:\/\/szentcsalad.dnyem.hu\/wp-content\/uploads\/2019\/03\/szikla-1024x314.jpg\" alt=\"\" width=\"625\" height=\"192\" srcset=\"https:\/\/szentcsalad.dnyem.hu\/wp-content\/uploads\/2019\/03\/szikla-1024x314.jpg 1024w, https:\/\/szentcsalad.dnyem.hu\/wp-content\/uploads\/2019\/03\/szikla-300x92.jpg 300w, https:\/\/szentcsalad.dnyem.hu\/wp-content\/uploads\/2019\/03\/szikla-768x236.jpg 768w, https:\/\/szentcsalad.dnyem.hu\/wp-content\/uploads\/2019\/03\/szikla-624x191.jpg 624w, https:\/\/szentcsalad.dnyem.hu\/wp-content\/uploads\/2019\/03\/szikla.jpg 1323w\" sizes=\"auto, (max-width: 625px) 100vw, 625px\" \/><\/p>\n<p style=\"text-align: justify;\">Ha a m\u00e1sodik 1% felaj\u00e1nl\u00e1shoz is javaslatra v\u00e1r, a gyimesfels\u0151loki Szent Erzs\u00e9bet L\u00edceum t\u00e1mogat\u00e1s\u00e1t javasoljuk. Ebben az esetben a Szikl\u00e1ra \u00c9p\u00edtett H\u00e1z Alap\u00edtv\u00e1ny jav\u00e1ra rendelkezzen, melynek ad\u00f3sz\u00e1ma: 19128850-1-09. Az Alap\u00edtv\u00e1nyr\u00f3l t\u00f6bbet megtudhat annak honlapj\u00e1n: <a href=\"http:\/\/sziklaraepitetthaz.dnyem.hu\">http:\/\/sziklaraepitetthaz.dnyem.hu<\/a> &nbsp;<\/p>\n<p style=\"text-align: justify;\">&nbsp;<\/p>\n","protected":false},"excerpt":{"rendered":"<p>Ha szem\u00e9lyi j\u00f6vedelemad\u00f3ja 1%-\u00e1t ugyanannak az egyh\u00e1znak, vagy technikai k\u00f3ddal rendelkez\u0151 szervezetnek k\u00edv\u00e1nja felaj\u00e1nlani, mint az elm\u00falt \u00e9vben, akkor \u00d6nnek most a technikai k\u00f3dos rendelkez\u00e9st nem kell kit\u00f6ltenie, rendelkez\u00e9se mindaddig&#8230; <a href=\"https:\/\/szentcsalad.dnyem.hu\/index.php\/informaciok\/tajekoztato-az-11-adofelajanlasrol\/\">Tov\u00e1bb &raquo;<\/a><\/p>\n","protected":false},"author":1,"featured_media":0,"parent":18,"menu_order":0,"comment_status":"closed","ping_status":"closed","template":"","meta":{"ngg_post_thumbnail":0,"footnotes":""},"class_list":["post-4021","page","type-page","status-publish","hentry"],"jetpack_shortlink":"https:\/\/wp.me\/P9drAw-12R","jetpack_sharing_enabled":true,"_links":{"self":[{"href":"https:\/\/szentcsalad.dnyem.hu\/index.php\/wp-json\/wp\/v2\/pages\/4021","targetHints":{"allow":["GET"]}}],"collection":[{"href":"https:\/\/szentcsalad.dnyem.hu\/index.php\/wp-json\/wp\/v2\/pages"}],"about":[{"href":"https:\/\/szentcsalad.dnyem.hu\/index.php\/wp-json\/wp\/v2\/types\/page"}],"author":[{"embeddable":true,"href":"https:\/\/szentcsalad.dnyem.hu\/index.php\/wp-json\/wp\/v2\/users\/1"}],"replies":[{"embeddable":true,"href":"https:\/\/szentcsalad.dnyem.hu\/index.php\/wp-json\/wp\/v2\/comments?post=4021"}],"version-history":[{"count":3,"href":"https:\/\/szentcsalad.dnyem.hu\/index.php\/wp-json\/wp\/v2\/pages\/4021\/revisions"}],"predecessor-version":[{"id":4030,"href":"https:\/\/szentcsalad.dnyem.hu\/index.php\/wp-json\/wp\/v2\/pages\/4021\/revisions\/4030"}],"up":[{"embeddable":true,"href":"https:\/\/szentcsalad.dnyem.hu\/index.php\/wp-json\/wp\/v2\/pages\/18"}],"wp:attachment":[{"href":"https:\/\/szentcsalad.dnyem.hu\/index.php\/wp-json\/wp\/v2\/media?parent=4021"}],"curies":[{"name":"wp","href":"https:\/\/api.w.org\/{rel}","templated":true}]}}