{"id":73,"date":"2016-11-04T13:55:53","date_gmt":"2016-11-04T13:55:53","guid":{"rendered":"http:\/\/teszt.dnyem.hu\/?page_id=73"},"modified":"2016-11-05T16:09:49","modified_gmt":"2016-11-05T16:09:49","slug":"plebanos","status":"publish","type":"page","link":"https:\/\/szentcsalad.dnyem.hu\/index.php\/informaciok\/plebanos\/","title":{"rendered":"Pl\u00e9b\u00e1nos"},"content":{"rendered":"<h4 style=\"text-align: justify;\">A pl\u00e9b\u00e1nos \u00e9let\u00fatja<\/h4>\n<p style=\"text-align: justify;\">1947-ben a Szeged melletti R\u00f6szk\u00e9n sz\u00fcletett. A kecskem\u00e9ti Piarista Gimn\u00e1ziumban \u201ePrinceps Juventus&#8221; kit\u00fcntet\u00e9ssel \u00e9retts\u00e9gizett. Teol\u00f3giai tanulm\u00e1nyit a szegedi Hittudom\u00e1nyi F\u00f5iskol\u00e1n v\u00e9gezte.<br \/>\n1971. 04. 14-\u00e9n t\u00f6rt\u00e9nt a papp\u00e1 szentel\u00e9se. A szentel\u00e9s el\u00f5tt egy \u00e9vig diak\u00f3nusk\u00e9nt kiseg\u00edtett B\u00e9k\u00e9sen. K\u00e1pl\u00e1nk\u00e9nt szolg\u00e1lt: \u00c1sotthalmon (1971-1975), itt \u00fajra ind\u00edtotta az iskolai hitoktat\u00e1st \u00e9s ifj\u00fas\u00e1gi csoportot szervezett; \u00e9s Ap\u00e1tfalv\u00e1n (1975-1980), itt minden oszt\u00e1lyban k\u00fcl\u00f6n volt iskolai hittan, de p\u00e1rhuzamosan templomi hitoktat\u00e1s is folyt. Itt is m\u00fbk\u00f6d\u00f6tt ifj\u00fas\u00e1gi csoport.<br \/>\n1979 \u00f5sz\u00e9n hittan\u00e1ri vizsg\u00e1t tett. 1980-ban Debrecenbe ker\u00fclt. F\u00f5 feladata a Svetits hittan\u00e1ri szolg\u00e1lata (1980-1996), a n\u00f5v\u00e9rek lelkip\u00e1sztori ell\u00e1t\u00e1sa. Kiseg\u00edt\u00f5 lelk\u00e9szk\u00e9nt a Szent Ann\u00e1n is tev\u00e9kenykedik. \u00d6sszetartja az ifj\u00fas\u00e1gi csoportokat \u00e9s a feln\u00f5tt Biblia csoportot. 1984-t\u00f5l, \u00e9vente ifj\u00fas\u00e1gi tal\u00e1lkoz\u00f3t szervez a Szent Anna templomban. Az egyh\u00e1zi iskol\u00e1k k\u00f6z\u00fcl els\u00f5k\u00e9nt a Svetitsben \u00e9retts\u00e9gizhetnek a di\u00e1kok hittanb\u00f3l. 1986-t\u00f3l siker\u00fcl el\u00e9rnie, hogy az \u00f6kumenikus imah\u00e9t egy napja a Szent Ann\u00e1ban ker\u00fcl megrendez\u00e9sre. 1988 febru\u00e1rj\u00e1ban, Debrecenben els\u00f5k\u00e9nt fogadja a Szent Ann\u00e1n az erd\u00e9lyi menek\u00fclteket. 1989 kar\u00e1csony\u00e1n \u00edgy sz\u00fcletik meg a Magyar M\u00e1ltai Szeretetszolg\u00e1lat Debreceni Csoportja. 1990-ben r\u00e9szt vesz az els\u00f5 (\u00fajra szabad) cs\u00edksomly\u00f3i zar\u00e1ndoklaton a gyimesi cs\u00e1ng\u00f3kkal. 1991-ben a katolikus egyh\u00e1z r\u00e9sz\u00e9r\u00f5l \u00f5 a debreceni p\u00e1pal\u00e1togat\u00e1s szervez\u00f5je. A rendszerv\u00e1lt\u00e1s ut\u00e1ni els\u00f5 szabad v\u00e1rosvezet\u00e9sben az Etikai Bizotts\u00e1g k\u00fcls\u00f5 szak\u00e9rt\u00f5jek\u00e9nt vesz r\u00e9szt. A Szentl\u00e9lek ind\u00edt\u00e1s\u00e1ra a debreceni Kereszt\u00e9ny \u00c9rtelmis\u00e9giek Sz\u00f6vets\u00e9g\u00e9nek tagjaival \u201eSzikl\u00e1ra \u00c9p\u00edtett H\u00e1z&#8221; n\u00e9ven alap\u00edtv\u00e1nyt hoznak l\u00e9tre. Az Alap\u00edtv\u00e1ny eln\u00f6kek\u00e9nt (term\u00e9szetesen m\u00e1sokkal egy\u00fctt) szervezi a gyimesfels\u00f5loki zar\u00e1ndokh\u00e1z, majd iskola \u00e9p\u00edt\u00e9s\u00e9t. 1993-ban, a Szentatya \u00e1ltal alap\u00edtott \u00faj, Debrecen-Ny\u00edregyh\u00e1zi Egyh\u00e1zmegye els\u0151 p\u00fcsp\u00f6k\u00e9nek k\u00e9r\u00e9s\u00e9re megszervezi a p\u00fcsp\u00f6kszentel\u00e9st, majd kialak\u00edtja az egyh\u00e1zmegyei k\u00f6zpontot, p\u00fcsp\u00f6ks\u00e9get. P\u00fcsp\u00f6ki helyn\u00f6kk\u00e9nt, 1994-t\u00f5l irodaigazgat\u00f3k\u00e9nt az egyh\u00e1zmegyei hivatalba ker\u00fcl. 1995-1996-ban ir\u00e1ny\u00edtja a ny\u00edregyh\u00e1zi Lelkip\u00e1sztori K\u00f6zpont \u00e9p\u00edt\u00e9s\u00e9t. 1996-ban a Vatik\u00e1nb\u00f3l megkapja a p\u00e1pai k\u00e1pl\u00e1n c\u00edmet. 1996 \u00f5sz\u00e9n a Debrecen-t\u00f3c\u00f3skerti Szent Csal\u00e1d k\u00e1polna lelk\u00e9szs\u00e9g\u00e9re kap kinevez\u00e9st, hogy \u00e9p\u00edtsen fel a lak\u00f3telepen egy templomot. A templomszentel\u00e9sre 1998. augusztus 15-\u00e9n ker\u00fclt sor. A megy\u00e9sp\u00fcsp\u00f6k megalap\u00edtja a Szent Csal\u00e1d Pl\u00e9b\u00e1ni\u00e1t, \u00e9s els\u00f5 pl\u00e9b\u00e1nosak\u00e9nt kinevezi a templom\u00e9p\u00edt\u00f5 lelk\u00e9szt. Az \u00faj pl\u00e9b\u00e1ni\u00e1n hamarosan megszervezi a K\u00e9pvisel\u00f5 Csal\u00e1dok Test\u00fclet\u00e9t. M\u00e1r a templom\u00e9p\u00edt\u00e9s k\u00f6zben akolitusokat avattat, hogy seg\u00edts\u00e9g\u00e9re legyenek a lelkip\u00e1sztori munk\u00e1ban. 1998. v\u00e9g\u00e9n megb\u00edz\u00e1st kap az egyh\u00e1zmegye millenniumi (Borb\u00edr\u00f3 t\u00e9ri Megtestes\u00fcl\u00e9s) templom\u00e1nak fel\u00e9p\u00edt\u00e9s\u00e9re. A templom felszentel\u00e9se 2000. augusztus 19-\u00e9n megt\u00f6rt\u00e9nik. 2000. augusztus\u00e1nak elej\u00e9n, f\u00f5leg a k\u00e9pvisel\u00f5 csal\u00e1dokkal, millenniumi zar\u00e1ndoklatra indul R\u00f3m\u00e1ba. 2001. tavasz\u00e1n megkezdheti r\u00e9gi \u00e1lm\u00e1nak megval\u00f3s\u00edt\u00e1s\u00e1t, egy egyh\u00e1zi szoci\u00e1lis otthon \u00e9s hospice h\u00e1z \u00e9p\u00edt\u00e9s\u00e9nek el\u00f5k\u00e9sz\u00edt\u00e9s\u00e9t.<\/p>\n","protected":false},"excerpt":{"rendered":"<p>A pl\u00e9b\u00e1nos \u00e9let\u00fatja 1947-ben a Szeged melletti R\u00f6szk\u00e9n sz\u00fcletett. A kecskem\u00e9ti Piarista Gimn\u00e1ziumban \u201ePrinceps Juventus&#8221; kit\u00fcntet\u00e9ssel \u00e9retts\u00e9gizett. Teol\u00f3giai tanulm\u00e1nyit a szegedi Hittudom\u00e1nyi F\u00f5iskol\u00e1n v\u00e9gezte. 1971. 04. 14-\u00e9n t\u00f6rt\u00e9nt a papp\u00e1&#8230; <a href=\"https:\/\/szentcsalad.dnyem.hu\/index.php\/informaciok\/plebanos\/\">Tov\u00e1bb &raquo;<\/a><\/p>\n","protected":false},"author":1,"featured_media":402,"parent":18,"menu_order":0,"comment_status":"closed","ping_status":"closed","template":"","meta":{"ngg_post_thumbnail":0,"footnotes":""},"class_list":["post-73","page","type-page","status-publish","has-post-thumbnail","hentry"],"jetpack_shortlink":"https:\/\/wp.me\/P9drAw-1b","jetpack_sharing_enabled":true,"_links":{"self":[{"href":"https:\/\/szentcsalad.dnyem.hu\/index.php\/wp-json\/wp\/v2\/pages\/73","targetHints":{"allow":["GET"]}}],"collection":[{"href":"https:\/\/szentcsalad.dnyem.hu\/index.php\/wp-json\/wp\/v2\/pages"}],"about":[{"href":"https:\/\/szentcsalad.dnyem.hu\/index.php\/wp-json\/wp\/v2\/types\/page"}],"author":[{"embeddable":true,"href":"https:\/\/szentcsalad.dnyem.hu\/index.php\/wp-json\/wp\/v2\/users\/1"}],"replies":[{"embeddable":true,"href":"https:\/\/szentcsalad.dnyem.hu\/index.php\/wp-json\/wp\/v2\/comments?post=73"}],"version-history":[{"count":2,"href":"https:\/\/szentcsalad.dnyem.hu\/index.php\/wp-json\/wp\/v2\/pages\/73\/revisions"}],"predecessor-version":[{"id":403,"href":"https:\/\/szentcsalad.dnyem.hu\/index.php\/wp-json\/wp\/v2\/pages\/73\/revisions\/403"}],"up":[{"embeddable":true,"href":"https:\/\/szentcsalad.dnyem.hu\/index.php\/wp-json\/wp\/v2\/pages\/18"}],"wp:featuredmedia":[{"embeddable":true,"href":"https:\/\/szentcsalad.dnyem.hu\/index.php\/wp-json\/wp\/v2\/media\/402"}],"wp:attachment":[{"href":"https:\/\/szentcsalad.dnyem.hu\/index.php\/wp-json\/wp\/v2\/media?parent=73"}],"curies":[{"name":"wp","href":"https:\/\/api.w.org\/{rel}","templated":true}]}}